{"id":12,"date":"2025-04-06T15:27:25","date_gmt":"2025-04-06T15:27:25","guid":{"rendered":"https:\/\/northserwis.pl\/?page_id=12"},"modified":"2025-04-06T18:24:45","modified_gmt":"2025-04-06T18:24:45","slug":"kontakt","status":"publish","type":"page","link":"https:\/\/northserwis.pl\/index.php\/kontakt\/","title":{"rendered":"Kontakt"},"content":{"rendered":"\n<p>Masz pytania? Chcesz dowiedzie\u0107 si\u0119 wi\u0119cej o naszych us\u0142ugach, zmodernizowa\u0107 swoj\u0105 maszyn\u0119, czy nawi\u0105za\u0107 wsp\u00f3\u0142prac\u0119? Skontaktuj si\u0119 z nami \u2013 jeste\u015bmy do Twojej dyspozycji!<\/p>\n\n\n\n<p>\ud83d\udce7 <strong>E-mail:<\/strong> <a class=\"\">biuro@northserwis.pl<\/a><br>\ud83d\udcde <strong>Telefon:<\/strong> +48 600 810 910<\/p>\n\n\n\n<p>Specjalizujemy si\u0119 w serwisie, monta\u017cu, demonta\u017cu oraz <strong>modernizacji maszyn przemys\u0142owych<\/strong>, a tak\u017ce integracji z robotami KUKA. Odpowiadamy na wiadomo\u015bci tak szybko, jak to mo\u017cliwe \u2013 cenimy Tw\u00f3j czas i jeste\u015bmy gotowi, by pom\u00f3c.<\/p>\n","protected":false},"excerpt":{"rendered":"<p>Masz pytania? Chcesz dowiedzie\u0107 si\u0119 wi\u0119cej o naszych us\u0142ugach, zmodernizowa\u0107 swoj\u0105 maszyn\u0119, czy nawi\u0105za\u0107 wsp\u00f3\u0142prac\u0119? Skontaktuj si\u0119 z nami \u2013 jeste\u015bmy do Twojej dyspozycji! \ud83d\udce7 E-mail: biuro@northserwis.pl\ud83d\udcde Telefon: +48 600 810 910 Specjalizujemy si\u0119 w serwisie, monta\u017cu, demonta\u017cu oraz modernizacji maszyn przemys\u0142owych, a tak\u017ce integracji z robotami KUKA. Odpowiadamy na wiadomo\u015bci tak szybko, jak to &hellip; <\/p>\n<p class=\"link-more\"><a href=\"https:\/\/northserwis.pl\/index.php\/kontakt\/\" class=\"more-link\">Czytaj dalej<span class=\"screen-reader-text\"> \u201eKontakt\u201d<\/span><\/a><\/p>\n","protected":false},"author":1,"featured_media":79,"parent":0,"menu_order":0,"comment_status":"closed","ping_status":"closed","template":"","meta":{"footnotes":""},"class_list":["post-12","page","type-page","status-publish","has-post-thumbnail","hentry"],"_links":{"self":[{"href":"https:\/\/northserwis.pl\/index.php\/wp-json\/wp\/v2\/pages\/12","targetHints":{"allow":["GET"]}}],"collection":[{"href":"https:\/\/northserwis.pl\/index.php\/wp-json\/wp\/v2\/pages"}],"about":[{"href":"https:\/\/northserwis.pl\/index.php\/wp-json\/wp\/v2\/types\/page"}],"author":[{"embeddable":true,"href":"https:\/\/northserwis.pl\/index.php\/wp-json\/wp\/v2\/users\/1"}],"replies":[{"embeddable":true,"href":"https:\/\/northserwis.pl\/index.php\/wp-json\/wp\/v2\/comments?post=12"}],"version-history":[{"count":3,"href":"https:\/\/northserwis.pl\/index.php\/wp-json\/wp\/v2\/pages\/12\/revisions"}],"predecessor-version":[{"id":83,"href":"https:\/\/northserwis.pl\/index.php\/wp-json\/wp\/v2\/pages\/12\/revisions\/83"}],"wp:featuredmedia":[{"embeddable":true,"href":"https:\/\/northserwis.pl\/index.php\/wp-json\/wp\/v2\/media\/79"}],"wp:attachment":[{"href":"https:\/\/northserwis.pl\/index.php\/wp-json\/wp\/v2\/media?parent=12"}],"curies":[{"name":"wp","href":"https:\/\/api.w.org\/{rel}","templated":true}]}}