{"id":30,"date":"2025-04-06T15:29:15","date_gmt":"2025-04-06T15:29:15","guid":{"rendered":"https:\/\/northserwis.pl\/?page_id=30"},"modified":"2025-04-06T17:28:28","modified_gmt":"2025-04-06T17:28:28","slug":"serwis","status":"publish","type":"page","link":"https:\/\/northserwis.pl\/index.php\/serwis\/","title":{"rendered":"Serwis"},"content":{"rendered":"\n<p>Serwis maszyn CNC i urz\u0105dze\u0144 przemys\u0142owych<\/p>\n\n\n\n<p>Nasz serwis specjalizuje si\u0119 w kompleksowej obs\u0142udze technicznej maszyn CNC oraz urz\u0105dze\u0144 wykorzystywanych w przemy\u015ble drzewnym i meblarskim \u2013 w szczeg\u00f3lno\u015bci maszyn marki <strong>Homag<\/strong>. Dzi\u0119ki wieloletniemu do\u015bwiadczeniu i nowoczesnemu zapleczu technicznemu oferujemy szybkie, profesjonalne i skuteczne naprawy.<\/p>\n\n\n\n<p>\ud83d\udd27 <strong>Zakres naszych us\u0142ug obejmuje:<\/strong><\/p>\n\n\n\n<ul class=\"wp-block-list\">\n<li>Napraw\u0119 <strong>elektrowrzecion<\/strong> do maszyn CNC<\/li>\n\n\n\n<li>Serwis i regeneracj\u0119 <strong>agregat\u00f3w wiertarskich<\/strong><\/li>\n\n\n\n<li>Naprawy oraz regulacje <strong>oleiniarek<\/strong><\/li>\n\n\n\n<li>Serwis i diagnostyk\u0119 <strong>pi\u0142 panelowych<\/strong><\/li>\n\n\n\n<li><strong>Teleserwis<\/strong> \u2013 zdalna pomoc techniczna oraz diagnoza usterek<\/li>\n<\/ul>\n\n\n\n<p>Specjalizujemy si\u0119 w pracy z maszynami <strong>Homag<\/strong>, co pozwala nam jeszcze skuteczniej diagnozowa\u0107 usterki i realizowa\u0107 naprawy zgodnie z najwy\u017cszymi standardami. Dzi\u0119ki <strong>teleserwisowi<\/strong> jeste\u015bmy w stanie szybko zareagowa\u0107 na zg\u0142oszenia i pom\u00f3c w rozwi\u0105zywaniu problem\u00f3w bez konieczno\u015bci oczekiwania na przyjazd serwisu.<\/p>\n\n\n\n<p>Zapewniamy serwis oparty na wiedzy, do\u015bwiadczeniu i indywidualnym podej\u015bciu \u2013 z my\u015bl\u0105 o maksymalnej niezawodno\u015bci i wydajno\u015bci Twoich maszyn.<\/p>\n","protected":false},"excerpt":{"rendered":"<p>Serwis maszyn CNC i urz\u0105dze\u0144 przemys\u0142owych Nasz serwis specjalizuje si\u0119 w kompleksowej obs\u0142udze technicznej maszyn CNC oraz urz\u0105dze\u0144 wykorzystywanych w przemy\u015ble drzewnym i meblarskim \u2013 w szczeg\u00f3lno\u015bci maszyn marki Homag. Dzi\u0119ki wieloletniemu do\u015bwiadczeniu i nowoczesnemu zapleczu technicznemu oferujemy szybkie, profesjonalne i skuteczne naprawy. \ud83d\udd27 Zakres naszych us\u0142ug obejmuje: Specjalizujemy si\u0119 w pracy z maszynami Homag, &hellip; <\/p>\n<p class=\"link-more\"><a href=\"https:\/\/northserwis.pl\/index.php\/serwis\/\" class=\"more-link\">Czytaj dalej<span class=\"screen-reader-text\"> \u201eSerwis\u201d<\/span><\/a><\/p>\n","protected":false},"author":1,"featured_media":77,"parent":0,"menu_order":0,"comment_status":"closed","ping_status":"closed","template":"","meta":{"footnotes":""},"class_list":["post-30","page","type-page","status-publish","has-post-thumbnail","hentry"],"_links":{"self":[{"href":"https:\/\/northserwis.pl\/index.php\/wp-json\/wp\/v2\/pages\/30","targetHints":{"allow":["GET"]}}],"collection":[{"href":"https:\/\/northserwis.pl\/index.php\/wp-json\/wp\/v2\/pages"}],"about":[{"href":"https:\/\/northserwis.pl\/index.php\/wp-json\/wp\/v2\/types\/page"}],"author":[{"embeddable":true,"href":"https:\/\/northserwis.pl\/index.php\/wp-json\/wp\/v2\/users\/1"}],"replies":[{"embeddable":true,"href":"https:\/\/northserwis.pl\/index.php\/wp-json\/wp\/v2\/comments?post=30"}],"version-history":[{"count":3,"href":"https:\/\/northserwis.pl\/index.php\/wp-json\/wp\/v2\/pages\/30\/revisions"}],"predecessor-version":[{"id":72,"href":"https:\/\/northserwis.pl\/index.php\/wp-json\/wp\/v2\/pages\/30\/revisions\/72"}],"wp:featuredmedia":[{"embeddable":true,"href":"https:\/\/northserwis.pl\/index.php\/wp-json\/wp\/v2\/media\/77"}],"wp:attachment":[{"href":"https:\/\/northserwis.pl\/index.php\/wp-json\/wp\/v2\/media?parent=30"}],"curies":[{"name":"wp","href":"https:\/\/api.w.org\/{rel}","templated":true}]}}